{"id":54951,"date":"2020-03-24T14:18:36","date_gmt":"2020-03-24T17:18:36","guid":{"rendered":"https:\/\/www.pixeon.com\/?page_id=54951"},"modified":"2025-04-25T15:05:53","modified_gmt":"2025-04-25T18:05:53","slug":"artificial-intelligence","status":"publish","type":"page","link":"https:\/\/www.pixeon.com\/en\/system\/artificial-intelligence\/","title":{"rendered":"Artificial Intelligence"},"content":{"rendered":"","protected":false},"excerpt":{"rendered":"","protected":false},"author":26,"featured_media":0,"parent":52801,"menu_order":1,"comment_status":"closed","ping_status":"closed","template":"","meta":{"footnotes":""},"class_list":["post-54951","page","type-page","status-publish","hentry"],"yoast_head":"<!-- This site is optimized with the Yoast SEO plugin v27.4 - https:\/\/yoast.com\/product\/yoast-seo-wordpress\/ -->\n<title>Artificial Intelligence for Medicine | Pixeon<\/title>\n<meta name=\"description\" content=\"Pixeon Lumia offers Artificial Intelligence for Medicine. Streamline your patient care processes, save time and improve the quality of diagnosis and treatment.\" \/>\n<meta name=\"robots\" content=\"index, follow, max-snippet:-1, max-image-preview:large, max-video-preview:-1\" \/>\n<link rel=\"canonical\" href=\"https:\/\/www.pixeon.com\/en\/system\/artificial-intelligence\/\" \/>\n<meta property=\"og:locale\" content=\"en_US\" \/>\n<meta property=\"og:type\" content=\"article\" \/>\n<meta property=\"og:title\" content=\"Artificial Intelligence for Medicine | Pixeon\" \/>\n<meta property=\"og:description\" content=\"Pixeon Lumia offers Artificial Intelligence for Medicine. Streamline your patient care processes, save time and improve the quality of diagnosis and treatment.\" \/>\n<meta property=\"og:url\" content=\"https:\/\/www.pixeon.com\/en\/system\/artificial-intelligence\/\" \/>\n<meta property=\"og:site_name\" content=\"Pixeon\" \/>\n<meta property=\"article:publisher\" content=\"https:\/\/www.facebook.com\/Pixeon\" \/>\n<meta property=\"article:modified_time\" content=\"2025-04-25T18:05:53+00:00\" \/>\n<meta name=\"twitter:card\" content=\"summary_large_image\" \/>\n<meta name=\"twitter:site\" content=\"@pixeon\" \/>\n<meta name=\"twitter:label1\" content=\"Est. reading time\" \/>\n\t<meta name=\"twitter:data1\" content=\"2 minutes\" \/>\n<script type=\"application\/ld+json\" class=\"yoast-schema-graph\">{\"@context\":\"https:\\\/\\\/schema.org\",\"@graph\":[{\"@type\":\"WebPage\",\"@id\":\"https:\\\/\\\/www.pixeon.com\\\/en\\\/system\\\/artificial-intelligence\\\/\",\"url\":\"https:\\\/\\\/www.pixeon.com\\\/en\\\/system\\\/artificial-intelligence\\\/\",\"name\":\"Artificial Intelligence for Medicine | Pixeon\",\"isPartOf\":{\"@id\":\"https:\\\/\\\/www.pixeon.com\\\/en\\\/#website\"},\"datePublished\":\"2020-03-24T17:18:36+00:00\",\"dateModified\":\"2025-04-25T18:05:53+00:00\",\"description\":\"Pixeon Lumia offers Artificial Intelligence for Medicine. Streamline your patient care processes, save time and improve the quality of diagnosis and treatment.\",\"breadcrumb\":{\"@id\":\"https:\\\/\\\/www.pixeon.com\\\/en\\\/system\\\/artificial-intelligence\\\/#breadcrumb\"},\"inLanguage\":\"en-US\",\"potentialAction\":[{\"@type\":\"ReadAction\",\"target\":[\"https:\\\/\\\/www.pixeon.com\\\/en\\\/system\\\/artificial-intelligence\\\/\"]}]},{\"@type\":\"BreadcrumbList\",\"@id\":\"https:\\\/\\\/www.pixeon.com\\\/en\\\/system\\\/artificial-intelligence\\\/#breadcrumb\",\"itemListElement\":[{\"@type\":\"ListItem\",\"position\":1,\"name\":\"In\u00edcio\",\"item\":\"https:\\\/\\\/www.pixeon.com\\\/en\\\/\"},{\"@type\":\"ListItem\",\"position\":2,\"name\":\"Solutions\",\"item\":\"https:\\\/\\\/www.pixeon.com\\\/en\\\/system\\\/\"},{\"@type\":\"ListItem\",\"position\":3,\"name\":\"Artificial Intelligence\"}]},{\"@type\":\"WebSite\",\"@id\":\"https:\\\/\\\/www.pixeon.com\\\/en\\\/#website\",\"url\":\"https:\\\/\\\/www.pixeon.com\\\/en\\\/\",\"name\":\"Pixeon\",\"description\":\"Sistemas de gest\u00e3o para centros de imagem, hospitais, laborat\u00f3rios e cl\u00ednicas\",\"potentialAction\":[{\"@type\":\"SearchAction\",\"target\":{\"@type\":\"EntryPoint\",\"urlTemplate\":\"https:\\\/\\\/www.pixeon.com\\\/en\\\/?s={search_term_string}\"},\"query-input\":{\"@type\":\"PropertyValueSpecification\",\"valueRequired\":true,\"valueName\":\"search_term_string\"}}],\"inLanguage\":\"en-US\"}]}<\/script>\n<!-- \/ Yoast SEO plugin. -->","yoast_head_json":{"title":"Artificial Intelligence for Medicine | Pixeon","description":"Pixeon Lumia offers Artificial Intelligence for Medicine. Streamline your patient care processes, save time and improve the quality of diagnosis and treatment.","robots":{"index":"index","follow":"follow","max-snippet":"max-snippet:-1","max-image-preview":"max-image-preview:large","max-video-preview":"max-video-preview:-1"},"canonical":"https:\/\/www.pixeon.com\/en\/system\/artificial-intelligence\/","og_locale":"en_US","og_type":"article","og_title":"Artificial Intelligence for Medicine | Pixeon","og_description":"Pixeon Lumia offers Artificial Intelligence for Medicine. Streamline your patient care processes, save time and improve the quality of diagnosis and treatment.","og_url":"https:\/\/www.pixeon.com\/en\/system\/artificial-intelligence\/","og_site_name":"Pixeon","article_publisher":"https:\/\/www.facebook.com\/Pixeon","article_modified_time":"2025-04-25T18:05:53+00:00","twitter_card":"summary_large_image","twitter_site":"@pixeon","twitter_misc":{"Est. reading time":"2 minutes"},"schema":{"@context":"https:\/\/schema.org","@graph":[{"@type":"WebPage","@id":"https:\/\/www.pixeon.com\/en\/system\/artificial-intelligence\/","url":"https:\/\/www.pixeon.com\/en\/system\/artificial-intelligence\/","name":"Artificial Intelligence for Medicine | Pixeon","isPartOf":{"@id":"https:\/\/www.pixeon.com\/en\/#website"},"datePublished":"2020-03-24T17:18:36+00:00","dateModified":"2025-04-25T18:05:53+00:00","description":"Pixeon Lumia offers Artificial Intelligence for Medicine. Streamline your patient care processes, save time and improve the quality of diagnosis and treatment.","breadcrumb":{"@id":"https:\/\/www.pixeon.com\/en\/system\/artificial-intelligence\/#breadcrumb"},"inLanguage":"en-US","potentialAction":[{"@type":"ReadAction","target":["https:\/\/www.pixeon.com\/en\/system\/artificial-intelligence\/"]}]},{"@type":"BreadcrumbList","@id":"https:\/\/www.pixeon.com\/en\/system\/artificial-intelligence\/#breadcrumb","itemListElement":[{"@type":"ListItem","position":1,"name":"In\u00edcio","item":"https:\/\/www.pixeon.com\/en\/"},{"@type":"ListItem","position":2,"name":"Solutions","item":"https:\/\/www.pixeon.com\/en\/system\/"},{"@type":"ListItem","position":3,"name":"Artificial Intelligence"}]},{"@type":"WebSite","@id":"https:\/\/www.pixeon.com\/en\/#website","url":"https:\/\/www.pixeon.com\/en\/","name":"Pixeon","description":"Sistemas de gest\u00e3o para centros de imagem, hospitais, laborat\u00f3rios e cl\u00ednicas","potentialAction":[{"@type":"SearchAction","target":{"@type":"EntryPoint","urlTemplate":"https:\/\/www.pixeon.com\/en\/?s={search_term_string}"},"query-input":{"@type":"PropertyValueSpecification","valueRequired":true,"valueName":"search_term_string"}}],"inLanguage":"en-US"}]}},"_links":{"self":[{"href":"https:\/\/www.pixeon.com\/en\/wp-json\/wp\/v2\/pages\/54951","targetHints":{"allow":["GET"]}}],"collection":[{"href":"https:\/\/www.pixeon.com\/en\/wp-json\/wp\/v2\/pages"}],"about":[{"href":"https:\/\/www.pixeon.com\/en\/wp-json\/wp\/v2\/types\/page"}],"author":[{"embeddable":true,"href":"https:\/\/www.pixeon.com\/en\/wp-json\/wp\/v2\/users\/26"}],"replies":[{"embeddable":true,"href":"https:\/\/www.pixeon.com\/en\/wp-json\/wp\/v2\/comments?post=54951"}],"version-history":[{"count":3,"href":"https:\/\/www.pixeon.com\/en\/wp-json\/wp\/v2\/pages\/54951\/revisions"}],"predecessor-version":[{"id":55101,"href":"https:\/\/www.pixeon.com\/en\/wp-json\/wp\/v2\/pages\/54951\/revisions\/55101"}],"up":[{"embeddable":true,"href":"https:\/\/www.pixeon.com\/en\/wp-json\/wp\/v2\/pages\/52801"}],"wp:attachment":[{"href":"https:\/\/www.pixeon.com\/en\/wp-json\/wp\/v2\/media?parent=54951"}],"curies":[{"name":"wp","href":"https:\/\/api.w.org\/{rel}","templated":true}]}}